{"id":2022,"date":"2023-03-08T09:13:59","date_gmt":"2023-03-08T09:13:59","guid":{"rendered":"https:\/\/yorn.la-studioweb.com\/?page_id=2022"},"modified":"2025-05-17T21:57:46","modified_gmt":"2025-05-17T21:57:46","slug":"our-service","status":"publish","type":"page","link":"https:\/\/www.raclab.com.br\/?page_id=2022","title":{"rendered":"Servi\u00e7os"},"content":{"rendered":"\t\t<div data-elementor-type=\"wp-page\" data-elementor-id=\"2022\" class=\"elementor elementor-2022\">\n\t\t\t\t<div class=\"elementor-element elementor-element-d263425 e-flex e-con-boxed lakit-col-width-auto-no e-container e-root-container elementor-top-section e-con e-parent\" data-id=\"d263425\" data-element_type=\"container\" data-settings=\"{&quot;background_background&quot;:&quot;classic&quot;,&quot;background_motion_fx_motion_fx_scrolling&quot;:&quot;yes&quot;,&quot;background_motion_fx_translateY_effect&quot;:&quot;yes&quot;,&quot;background_motion_fx_blur_effect&quot;:&quot;yes&quot;,&quot;background_motion_fx_blur_level&quot;:{&quot;unit&quot;:&quot;px&quot;,&quot;size&quot;:15,&quot;sizes&quot;:[]},&quot;background_motion_fx_translateY_speed&quot;:{&quot;unit&quot;:&quot;px&quot;,&quot;size&quot;:3,&quot;sizes&quot;:[]},&quot;background_motion_fx_translateY_affectedRange&quot;:{&quot;unit&quot;:&quot;%&quot;,&quot;size&quot;:&quot;&quot;,&quot;sizes&quot;:{&quot;start&quot;:20,&quot;end&quot;:80}},&quot;background_motion_fx_blur_direction&quot;:&quot;out-in&quot;,&quot;background_motion_fx_blur_range&quot;:{&quot;unit&quot;:&quot;%&quot;,&quot;size&quot;:&quot;&quot;,&quot;sizes&quot;:{&quot;start&quot;:20,&quot;end&quot;:80}},&quot;background_motion_fx_devices&quot;:[&quot;mobile&quot;,&quot;mobile_extra&quot;,&quot;tablet&quot;,&quot;laptop&quot;,&quot;desktop&quot;]}\">\n\t\t\t\t\t<div class=\"e-con-inner\">\n\t\t\t\t<div class=\"elementor-element elementor-element-f756e7f elementor-invisible elementor-widget elementor-widget-heading\" data-id=\"f756e7f\" data-element_type=\"widget\" data-settings=\"{&quot;_animation&quot;:&quot;lakitShortFadeInUp&quot;,&quot;_animation_delay&quot;:100}\" data-widget_type=\"heading.default\">\n\t\t\t\t<div class=\"elementor-widget-container\">\n\t\t\t\t\t<h1 class=\"elementor-heading-title elementor-size-default\">Nossos Servi\u00e7os<\/h1>\t\t\t\t<\/div>\n\t\t\t\t<\/div>\n\t\t\t\t<div class=\"elementor-element elementor-element-1690326 lakit-breadcrumbs-align-center elementor-invisible elementor-widget lastudio-kit elementor-lakit-breadcrumbs\" data-id=\"1690326\" data-element_type=\"widget\" data-settings=\"{&quot;_animation&quot;:&quot;lakitShortFadeInUp&quot;,&quot;_animation_delay&quot;:300}\" data-widget_type=\"lakit-breadcrumbs.default\">\n\t\t\t\t\t\n\t\t<div class=\"lakit-breadcrumbs\">\n\t\t<div class=\"lakit-breadcrumbs__content\">\n\t\t<div class=\"lakit-breadcrumbs__wrap\"><div class=\"lakit-breadcrumbs__item\"><a href=\"https:\/\/www.raclab.com.br\/\" class=\"lakit-breadcrumbs__item-link is-home\" rel=\"home\" title=\"Home\">Home<\/a><\/div>\n\t\t<\/div>\n\t\t<\/div>\n\t\t<\/div>\t\t\t\t<\/div>\n\t\t\t\t\t<\/div>\n\t\t\t\t<\/div>\n\t\t<div class=\"elementor-element elementor-element-851088a e-con-full e-flex lakit-col-width-auto-no e-container e-root-container elementor-top-section e-con e-parent\" data-id=\"851088a\" data-element_type=\"container\">\n\t\t<div class=\"elementor-element elementor-element-3a797a0 e-con-full e-flex lakit-col-width-auto-no elementor-invisible e-container e-con e-child\" data-id=\"3a797a0\" data-element_type=\"container\" data-settings=\"{&quot;background_background&quot;:&quot;classic&quot;,&quot;animation&quot;:&quot;lakitShortFadeInUp&quot;,&quot;animation_delay&quot;:100}\">\n\t\t\t\t<\/div>\n\t\t<div class=\"elementor-element elementor-element-8a77306 e-con-full e-flex lakit-col-width-auto-no e-container e-con e-child\" data-id=\"8a77306\" data-element_type=\"container\">\n\t\t<div class=\"elementor-element elementor-element-e98af7b e-flex e-con-boxed lakit-col-width-auto-no e-container e-con e-child\" data-id=\"e98af7b\" data-element_type=\"container\">\n\t\t\t\t\t<div class=\"e-con-inner\">\n\t\t\t\t<div class=\"elementor-element elementor-element-788b526 elementor-invisible elementor-widget elementor-widget-heading\" data-id=\"788b526\" data-element_type=\"widget\" data-settings=\"{&quot;_animation&quot;:&quot;lakitShortFadeInUp&quot;,&quot;_animation_delay&quot;:200}\" data-widget_type=\"heading.default\">\n\t\t\t\t<div class=\"elementor-widget-container\">\n\t\t\t\t\t<h2 class=\"elementor-heading-title elementor-size-default\">Grava\u00e7\u00e3o<\/h2>\t\t\t\t<\/div>\n\t\t\t\t<\/div>\n\t\t\t\t<div class=\"elementor-element elementor-element-0167fe6 elementor-invisible elementor-widget elementor-widget-text-editor\" data-id=\"0167fe6\" data-element_type=\"widget\" data-settings=\"{&quot;_animation&quot;:&quot;lakitShortFadeInUp&quot;,&quot;_animation_delay&quot;:400}\" data-widget_type=\"text-editor.default\">\n\t\t\t\t<div class=\"elementor-widget-container\">\n\t\t\t\t\t\t\t\t\t<p>Priorizamos a captura de performances org\u00e2nicas e cheias de personalidade. Usamos microfones espec\u00edficos para cada fonte \u2014 condensadores para vozes com presen\u00e7a, din\u00e2micos para guitarras com pegada \u2014 e trabalhamos posicionamentos testados no est\u00fadio.\u00a0<\/p>\t\t\t\t\t\t\t\t<\/div>\n\t\t\t\t<\/div>\n\t\t\t\t<div class=\"elementor-element elementor-element-7873313 elementor-invisible elementor-widget elementor-widget-button\" data-id=\"7873313\" data-element_type=\"widget\" data-settings=\"{&quot;_animation&quot;:&quot;lakitShortFadeInUp&quot;,&quot;_animation_delay&quot;:500}\" data-widget_type=\"button.default\">\n\t\t\t\t<div class=\"elementor-widget-container\">\n\t\t\t\t\t\t\t\t\t<div class=\"elementor-button-wrapper\">\n\t\t\t\t\t<a class=\"elementor-button elementor-button-link elementor-size-sm\" href=\"#\">\n\t\t\t\t\t\t<span class=\"elementor-button-content-wrapper\">\n\t\t\t\t\t\t\t\t\t<span class=\"elementor-button-text\">Saiba Mais<\/span>\n\t\t\t\t\t<\/span>\n\t\t\t\t\t<\/a>\n\t\t\t\t<\/div>\n\t\t\t\t\t\t\t\t<\/div>\n\t\t\t\t<\/div>\n\t\t\t\t\t<\/div>\n\t\t\t\t<\/div>\n\t\t\t\t<\/div>\n\t\t\t\t<\/div>\n\t\t<div class=\"elementor-element elementor-element-f2b7189 e-con-full e-flex lakit-col-width-auto-no e-container e-root-container elementor-top-section e-con e-parent\" data-id=\"f2b7189\" data-element_type=\"container\">\n\t\t<div class=\"elementor-element elementor-element-1c57205 e-con-full e-flex lakit-col-width-auto-no elementor-invisible e-container e-con e-child\" data-id=\"1c57205\" data-element_type=\"container\" data-settings=\"{&quot;background_background&quot;:&quot;classic&quot;,&quot;animation&quot;:&quot;lakitShortFadeInUp&quot;,&quot;animation_delay&quot;:100}\">\n\t\t\t\t<\/div>\n\t\t<div class=\"elementor-element elementor-element-8e3bb4c e-con-full e-flex lakit-col-width-auto-no e-container e-con e-child\" data-id=\"8e3bb4c\" data-element_type=\"container\">\n\t\t<div class=\"elementor-element elementor-element-4c2c49b e-flex e-con-boxed lakit-col-width-auto-no e-container e-con e-child\" data-id=\"4c2c49b\" data-element_type=\"container\">\n\t\t\t\t\t<div class=\"e-con-inner\">\n\t\t\t\t<div class=\"elementor-element elementor-element-702ea36 elementor-invisible elementor-widget elementor-widget-heading\" data-id=\"702ea36\" data-element_type=\"widget\" data-settings=\"{&quot;_animation&quot;:&quot;lakitShortFadeInUp&quot;,&quot;_animation_delay&quot;:200}\" data-widget_type=\"heading.default\">\n\t\t\t\t<div class=\"elementor-widget-container\">\n\t\t\t\t\t<h2 class=\"elementor-heading-title elementor-size-default\">Mixagem<\/h2>\t\t\t\t<\/div>\n\t\t\t\t<\/div>\n\t\t\t\t<div class=\"elementor-element elementor-element-45bdfaf elementor-invisible elementor-widget elementor-widget-text-editor\" data-id=\"45bdfaf\" data-element_type=\"widget\" data-settings=\"{&quot;_animation&quot;:&quot;lakitShortFadeInUp&quot;,&quot;_animation_delay&quot;:400}\" data-widget_type=\"text-editor.default\">\n\t\t\t\t<div class=\"elementor-widget-container\">\n\t\t\t\t\t\t\t\t\t<p>Nossos est\u00fadios est\u00e3o equipados com os lend\u00e1rios consoles solid state logic e conversores de alta resolu\u00e7\u00e3o, al\u00e9m de outboards anal\u00f3gicos e plugins para a sua mixagem.<\/p>\t\t\t\t\t\t\t\t<\/div>\n\t\t\t\t<\/div>\n\t\t\t\t<div class=\"elementor-element elementor-element-72fffd1 elementor-invisible elementor-widget elementor-widget-button\" data-id=\"72fffd1\" data-element_type=\"widget\" data-settings=\"{&quot;_animation&quot;:&quot;lakitShortFadeInUp&quot;,&quot;_animation_delay&quot;:500}\" data-widget_type=\"button.default\">\n\t\t\t\t<div class=\"elementor-widget-container\">\n\t\t\t\t\t\t\t\t\t<div class=\"elementor-button-wrapper\">\n\t\t\t\t\t<a class=\"elementor-button elementor-button-link elementor-size-sm\" href=\"#\">\n\t\t\t\t\t\t<span class=\"elementor-button-content-wrapper\">\n\t\t\t\t\t\t\t\t\t<span class=\"elementor-button-text\">Saiba mais<\/span>\n\t\t\t\t\t<\/span>\n\t\t\t\t\t<\/a>\n\t\t\t\t<\/div>\n\t\t\t\t\t\t\t\t<\/div>\n\t\t\t\t<\/div>\n\t\t\t\t\t<\/div>\n\t\t\t\t<\/div>\n\t\t\t\t<\/div>\n\t\t\t\t<\/div>\n\t\t<div class=\"elementor-element elementor-element-0ac9d30 e-con-full e-flex lakit-col-width-auto-no e-container e-root-container elementor-top-section e-con e-parent\" data-id=\"0ac9d30\" data-element_type=\"container\">\n\t\t<div class=\"elementor-element elementor-element-b4b3828 e-con-full e-flex lakit-col-width-auto-no elementor-invisible e-container e-con e-child\" data-id=\"b4b3828\" data-element_type=\"container\" data-settings=\"{&quot;background_background&quot;:&quot;classic&quot;,&quot;animation&quot;:&quot;lakitShortFadeInUp&quot;,&quot;animation_delay&quot;:100}\">\n\t\t\t\t<\/div>\n\t\t<div class=\"elementor-element elementor-element-fa8a428 e-con-full e-flex lakit-col-width-auto-no e-container e-con e-child\" data-id=\"fa8a428\" data-element_type=\"container\">\n\t\t<div class=\"elementor-element elementor-element-0439229 e-flex e-con-boxed lakit-col-width-auto-no e-container e-con e-child\" data-id=\"0439229\" data-element_type=\"container\">\n\t\t\t\t\t<div class=\"e-con-inner\">\n\t\t\t\t<div class=\"elementor-element elementor-element-0b0ba3e elementor-invisible elementor-widget elementor-widget-heading\" data-id=\"0b0ba3e\" data-element_type=\"widget\" data-settings=\"{&quot;_animation&quot;:&quot;lakitShortFadeInUp&quot;,&quot;_animation_delay&quot;:200}\" data-widget_type=\"heading.default\">\n\t\t\t\t<div class=\"elementor-widget-container\">\n\t\t\t\t\t<h2 class=\"elementor-heading-title elementor-size-default\">Masteriza\u00e7\u00e3o<\/h2>\t\t\t\t<\/div>\n\t\t\t\t<\/div>\n\t\t\t\t<div class=\"elementor-element elementor-element-52cb32b elementor-invisible elementor-widget elementor-widget-text-editor\" data-id=\"52cb32b\" data-element_type=\"widget\" data-settings=\"{&quot;_animation&quot;:&quot;lakitShortFadeInUp&quot;,&quot;_animation_delay&quot;:400}\" data-widget_type=\"text-editor.default\">\n\t\t\t\t<div class=\"elementor-widget-container\">\n\t\t\t\t\t\t\t\t\t<p>A experi\u00eancia dos nossos engenheiros e os equipamentos anal\u00f3gicos e digitais vintage ou de \u00faltima gera\u00e7\u00e3o est\u00e3o \u00e0 sua disposi\u00e7\u00e3o para finalizar a sua m\u00fasica com o punch e a clareza conhecidos e ouvidos em muitos sucessos que fazem parte da hist\u00f3ria da m\u00fasica brasileira por v\u00e1rias gera\u00e7\u00f5es.<\/p>\t\t\t\t\t\t\t\t<\/div>\n\t\t\t\t<\/div>\n\t\t\t\t<div class=\"elementor-element elementor-element-03d7572 elementor-invisible elementor-widget elementor-widget-button\" data-id=\"03d7572\" data-element_type=\"widget\" data-settings=\"{&quot;_animation&quot;:&quot;lakitShortFadeInUp&quot;,&quot;_animation_delay&quot;:500}\" data-widget_type=\"button.default\">\n\t\t\t\t<div class=\"elementor-widget-container\">\n\t\t\t\t\t\t\t\t\t<div class=\"elementor-button-wrapper\">\n\t\t\t\t\t<a class=\"elementor-button elementor-button-link elementor-size-sm\" href=\"#\">\n\t\t\t\t\t\t<span class=\"elementor-button-content-wrapper\">\n\t\t\t\t\t\t\t\t\t<span class=\"elementor-button-text\">Saiba mais<\/span>\n\t\t\t\t\t<\/span>\n\t\t\t\t\t<\/a>\n\t\t\t\t<\/div>\n\t\t\t\t\t\t\t\t<\/div>\n\t\t\t\t<\/div>\n\t\t\t\t\t<\/div>\n\t\t\t\t<\/div>\n\t\t\t\t<\/div>\n\t\t\t\t<\/div>\n\t\t<div class=\"elementor-element elementor-element-da33f92 e-con-full e-flex lakit-col-width-auto-no e-container e-root-container elementor-top-section e-con e-parent\" data-id=\"da33f92\" data-element_type=\"container\">\n\t\t<div class=\"elementor-element elementor-element-7133aeb e-con-full e-flex lakit-col-width-auto-no elementor-invisible e-container e-con e-child\" data-id=\"7133aeb\" data-element_type=\"container\" data-settings=\"{&quot;background_background&quot;:&quot;classic&quot;,&quot;animation&quot;:&quot;lakitShortFadeInUp&quot;,&quot;animation_delay&quot;:100}\">\n\t\t\t\t<\/div>\n\t\t<div class=\"elementor-element elementor-element-b46aa83 e-con-full e-flex lakit-col-width-auto-no e-container e-con e-child\" data-id=\"b46aa83\" data-element_type=\"container\">\n\t\t<div class=\"elementor-element elementor-element-2f97bbd e-flex e-con-boxed lakit-col-width-auto-no e-container e-con e-child\" data-id=\"2f97bbd\" data-element_type=\"container\">\n\t\t\t\t\t<div class=\"e-con-inner\">\n\t\t\t\t<div class=\"elementor-element elementor-element-18f49b0 elementor-invisible elementor-widget elementor-widget-heading\" data-id=\"18f49b0\" data-element_type=\"widget\" data-settings=\"{&quot;_animation&quot;:&quot;lakitShortFadeInUp&quot;,&quot;_animation_delay&quot;:200}\" data-widget_type=\"heading.default\">\n\t\t\t\t<div class=\"elementor-widget-container\">\n\t\t\t\t\t<h2 class=\"elementor-heading-title elementor-size-default\">Produ\u00e7\u00e3o de V\u00eddeo<\/h2>\t\t\t\t<\/div>\n\t\t\t\t<\/div>\n\t\t\t\t<div class=\"elementor-element elementor-element-d4ca6bc elementor-invisible elementor-widget elementor-widget-text-editor\" data-id=\"d4ca6bc\" data-element_type=\"widget\" data-settings=\"{&quot;_animation&quot;:&quot;lakitShortFadeInUp&quot;,&quot;_animation_delay&quot;:400}\" data-widget_type=\"text-editor.default\">\n\t\t\t\t<div class=\"elementor-widget-container\">\n\t\t\t\t\t\t\t\t\t<p>Produza seus v\u00eddeos com qualidade internacional e uma equipe vencedora de diversos pr\u00eamios Grammys.<\/p>\t\t\t\t\t\t\t\t<\/div>\n\t\t\t\t<\/div>\n\t\t\t\t<div class=\"elementor-element elementor-element-c21766c elementor-invisible elementor-widget elementor-widget-button\" data-id=\"c21766c\" data-element_type=\"widget\" data-settings=\"{&quot;_animation&quot;:&quot;lakitShortFadeInUp&quot;,&quot;_animation_delay&quot;:500}\" data-widget_type=\"button.default\">\n\t\t\t\t<div class=\"elementor-widget-container\">\n\t\t\t\t\t\t\t\t\t<div class=\"elementor-button-wrapper\">\n\t\t\t\t\t<a class=\"elementor-button elementor-button-link elementor-size-sm\" href=\"#\">\n\t\t\t\t\t\t<span class=\"elementor-button-content-wrapper\">\n\t\t\t\t\t\t\t\t\t<span class=\"elementor-button-text\">Saiba Mais<\/span>\n\t\t\t\t\t<\/span>\n\t\t\t\t\t<\/a>\n\t\t\t\t<\/div>\n\t\t\t\t\t\t\t\t<\/div>\n\t\t\t\t<\/div>\n\t\t\t\t\t<\/div>\n\t\t\t\t<\/div>\n\t\t\t\t<\/div>\n\t\t\t\t<\/div>\n\t\t\t\t<\/div>\n\t\t","protected":false},"excerpt":{"rendered":"<p>Nossos Servi\u00e7os Home Grava\u00e7\u00e3o Priorizamos a captura de performances org\u00e2nicas e cheias de personalidade. Usamos microfones espec\u00edficos para cada fonte \u2014 condensadores para vozes com presen\u00e7a, din\u00e2micos para guitarras com pegada \u2014 e trabalhamos posicionamentos testados no est\u00fadio.\u00a0 Saiba Mais Mixagem Nossos est\u00fadios est\u00e3o equipados com os lend\u00e1rios consoles solid state&hellip;<\/p>\n","protected":false},"author":1,"featured_media":0,"parent":0,"menu_order":0,"comment_status":"closed","ping_status":"closed","template":"","meta":{"footnotes":""},"class_list":["post-2022","page","type-page","status-publish","hentry"],"_links":{"self":[{"href":"https:\/\/www.raclab.com.br\/index.php?rest_route=\/wp\/v2\/pages\/2022","targetHints":{"allow":["GET"]}}],"collection":[{"href":"https:\/\/www.raclab.com.br\/index.php?rest_route=\/wp\/v2\/pages"}],"about":[{"href":"https:\/\/www.raclab.com.br\/index.php?rest_route=\/wp\/v2\/types\/page"}],"author":[{"embeddable":true,"href":"https:\/\/www.raclab.com.br\/index.php?rest_route=\/wp\/v2\/users\/1"}],"replies":[{"embeddable":true,"href":"https:\/\/www.raclab.com.br\/index.php?rest_route=%2Fwp%2Fv2%2Fcomments&post=2022"}],"version-history":[{"count":5,"href":"https:\/\/www.raclab.com.br\/index.php?rest_route=\/wp\/v2\/pages\/2022\/revisions"}],"predecessor-version":[{"id":3831,"href":"https:\/\/www.raclab.com.br\/index.php?rest_route=\/wp\/v2\/pages\/2022\/revisions\/3831"}],"wp:attachment":[{"href":"https:\/\/www.raclab.com.br\/index.php?rest_route=%2Fwp%2Fv2%2Fmedia&parent=2022"}],"curies":[{"name":"wp","href":"https:\/\/api.w.org\/{rel}","templated":true}]}}